{"id":8087,"date":"2026-02-19T13:04:58","date_gmt":"2026-02-19T19:04:58","guid":{"rendered":"https:\/\/tonerxperts.mx\/?post_type=product&#038;p=8087"},"modified":"2026-04-07T12:27:41","modified_gmt":"2026-04-07T18:27:41","slug":"multifuncional-canon-maxify-gx6010-color-45-ppm-wi-fi","status":"publish","type":"product","link":"https:\/\/tonerxperts.mx\/index.php\/product\/multifuncional-canon-maxify-gx6010-color-45-ppm-wi-fi\/","title":{"rendered":"Multifuncional Canon Maxify GX6010 Color 45 ppm Wi-Fi"},"content":{"rendered":"<p><!--StartFragment --><\/p>\n<p>La Canon Maxify GX6010 es una multifuncional de tinta continua dise\u00f1ada para peque\u00f1as y medianas oficinas que requieren alto rendimiento, bajo costo por p\u00e1gina y m\u00e1xima productividad. Con velocidad de hasta 45 p\u00e1ginas por minuto, impresi\u00f3n d\u00faplex autom\u00e1tica y capacidad de papel de hasta 350 hojas, es ideal para grupos de trabajo exigentes. Sus tanques de tinta MegaTank ofrecen un rendimiento extraordinario: hasta 6,000 p\u00e1ginas en negro y 14,000 p\u00e1ginas en color con las botellas iniciales, y hasta 9,000 p\u00e1ginas en negro \/ 21,000 en color en modo econ\u00f3mico. Incluye pantalla t\u00e1ctil a color de 2.7\u201d, alimentador autom\u00e1tico de documentos (ADF) de 50 hojas y conectividad completa: USB, Wi-Fi y Ethernet.<\/p>\n<p><strong>\u26a0\ufe0f Este producto se maneja sobre pedido, escr\u00edbenos por Whatsapp para confirmar los tiempos de entrega<\/strong><\/p>\n<p><!--EndFragment --><\/p>\n","protected":false},"excerpt":{"rendered":"<p>Multifuncional Canon Maxify GX6010 con sistema de tinta continua, impresi\u00f3n d\u00faplex autom\u00e1tica, hasta 45 ppm en color, conectividad USB, Wi-Fi y Ethernet.<\/p>\n<p><strong>\u26a0\ufe0f Este producto se maneja sobre pedido, escr\u00edbenos por Whatsapp para confirmar los tiempos de entrega<\/strong><\/p>\n","protected":false},"featured_media":8089,"comment_status":"open","ping_status":"closed","template":"","meta":[],"product_brand":[],"product_cat":[428,419,1655],"product_tag":[],"class_list":{"0":"post-8087","1":"product","2":"type-product","3":"status-publish","4":"has-post-thumbnail","6":"product_cat-canon","7":"product_cat-equipos-impresion","8":"product_cat-sobre-pedido","10":"first","11":"instock","12":"shipping-taxable","13":"product-type-external"},"_links":{"self":[{"href":"https:\/\/tonerxperts.mx\/index.php\/wp-json\/wp\/v2\/product\/8087","targetHints":{"allow":["GET"]}}],"collection":[{"href":"https:\/\/tonerxperts.mx\/index.php\/wp-json\/wp\/v2\/product"}],"about":[{"href":"https:\/\/tonerxperts.mx\/index.php\/wp-json\/wp\/v2\/types\/product"}],"replies":[{"embeddable":true,"href":"https:\/\/tonerxperts.mx\/index.php\/wp-json\/wp\/v2\/comments?post=8087"}],"wp:featuredmedia":[{"embeddable":true,"href":"https:\/\/tonerxperts.mx\/index.php\/wp-json\/wp\/v2\/media\/8089"}],"wp:attachment":[{"href":"https:\/\/tonerxperts.mx\/index.php\/wp-json\/wp\/v2\/media?parent=8087"}],"wp:term":[{"taxonomy":"product_brand","embeddable":true,"href":"https:\/\/tonerxperts.mx\/index.php\/wp-json\/wp\/v2\/product_brand?post=8087"},{"taxonomy":"product_cat","embeddable":true,"href":"https:\/\/tonerxperts.mx\/index.php\/wp-json\/wp\/v2\/product_cat?post=8087"},{"taxonomy":"product_tag","embeddable":true,"href":"https:\/\/tonerxperts.mx\/index.php\/wp-json\/wp\/v2\/product_tag?post=8087"}],"curies":[{"name":"wp","href":"https:\/\/api.w.org\/{rel}","templated":true}]}}