{"id":8084,"date":"2026-02-19T11:46:19","date_gmt":"2026-02-19T17:46:19","guid":{"rendered":"https:\/\/tonerxperts.mx\/?post_type=product&#038;p=8084"},"modified":"2026-04-07T12:27:40","modified_gmt":"2026-04-07T18:27:40","slug":"toner-lexmark-56f4h00-negro-mx321-mx521-15000-pag","status":"publish","type":"product","link":"https:\/\/tonerxperts.mx\/index.php\/product\/toner-lexmark-56f4h00-negro-mx321-mx521-15000-pag\/","title":{"rendered":"T\u00f3ner Lexmark 56F4H00 Negro MX321\/MX521 (15,000 p\u00e1g)"},"content":{"rendered":"<p><!--StartFragment --><\/p>\n<p>El t\u00f3ner Lexmark 56F4H00 negro forma parte del Programa de Retorno Lexmark, lo que significa que est\u00e1 dise\u00f1ado para ser devuelto al fabricante una vez utilizado, promoviendo la sostenibilidad y el reciclaje responsable. Con un rendimiento aproximado de 15,000 p\u00e1ginas, garantiza textos n\u00edtidos y negros intensos, ideal para oficinas y negocios con alto volumen de impresi\u00f3n. Al ser un consumible original Lexmark, asegura compatibilidad, durabilidad y protecci\u00f3n contra defectos de impresi\u00f3n.<\/p>\n<p><!--EndFragment --><\/p>\n<p><strong>\u26a0\ufe0f Este producto se maneja sobre pedido, escr\u00edbenos por Whatsapp para confirmar los tiempos de entrega<\/strong><\/p>\n","protected":false},"excerpt":{"rendered":"<p>Cartucho de t\u00f3ner Lexmark 56F4H00 negro original, alto rendimiento de hasta 15,000 p\u00e1ginas, compatible con multifuncionales Lexmark MX321adn y MX521ade.<\/p>\n<p><strong>\u26a0\ufe0f Este producto se maneja sobre pedido, escr\u00edbenos por Whatsapp para confirmar los tiempos de entrega<\/strong><\/p>\n","protected":false},"featured_media":8060,"comment_status":"open","ping_status":"closed","template":"","meta":[],"product_brand":[],"product_cat":[420,1655,424],"product_tag":[],"class_list":{"0":"post-8084","1":"product","2":"type-product","3":"status-publish","4":"has-post-thumbnail","6":"product_cat-consumibles-impresoras","7":"product_cat-sobre-pedido","8":"product_cat-toner-original","10":"first","11":"instock","12":"shipping-taxable","13":"product-type-external"},"_links":{"self":[{"href":"https:\/\/tonerxperts.mx\/index.php\/wp-json\/wp\/v2\/product\/8084","targetHints":{"allow":["GET"]}}],"collection":[{"href":"https:\/\/tonerxperts.mx\/index.php\/wp-json\/wp\/v2\/product"}],"about":[{"href":"https:\/\/tonerxperts.mx\/index.php\/wp-json\/wp\/v2\/types\/product"}],"replies":[{"embeddable":true,"href":"https:\/\/tonerxperts.mx\/index.php\/wp-json\/wp\/v2\/comments?post=8084"}],"wp:featuredmedia":[{"embeddable":true,"href":"https:\/\/tonerxperts.mx\/index.php\/wp-json\/wp\/v2\/media\/8060"}],"wp:attachment":[{"href":"https:\/\/tonerxperts.mx\/index.php\/wp-json\/wp\/v2\/media?parent=8084"}],"wp:term":[{"taxonomy":"product_brand","embeddable":true,"href":"https:\/\/tonerxperts.mx\/index.php\/wp-json\/wp\/v2\/product_brand?post=8084"},{"taxonomy":"product_cat","embeddable":true,"href":"https:\/\/tonerxperts.mx\/index.php\/wp-json\/wp\/v2\/product_cat?post=8084"},{"taxonomy":"product_tag","embeddable":true,"href":"https:\/\/tonerxperts.mx\/index.php\/wp-json\/wp\/v2\/product_tag?post=8084"}],"curies":[{"name":"wp","href":"https:\/\/api.w.org\/{rel}","templated":true}]}}