{"id":8082,"date":"2026-02-19T10:06:57","date_gmt":"2026-02-19T16:06:57","guid":{"rendered":"https:\/\/tonerxperts.mx\/?post_type=product&#038;p=8082"},"modified":"2026-04-07T12:27:40","modified_gmt":"2026-04-07T18:27:40","slug":"toner-hp-26x-cf226x-negro-laserjet-pro-m402-m426-9000-pag","status":"publish","type":"product","link":"https:\/\/tonerxperts.mx\/index.php\/product\/toner-hp-26x-cf226x-negro-laserjet-pro-m402-m426-9000-pag\/","title":{"rendered":"T\u00f3ner HP 26X CF226X Negro LaserJet Pro M402\/M426 (9,000 p\u00e1g)"},"content":{"rendered":"<p><!--StartFragment --><\/p>\n<p>El t\u00f3ner HP 26X negro (CF226X) es un cartucho de alto rendimiento dise\u00f1ado para impresoras HP LaserJet Pro M402 y M426. Con capacidad de hasta 9,000 p\u00e1ginas est\u00e1ndar, ofrece textos n\u00edtidos y negros intensos, ideal para oficinas y negocios con alto volumen de impresi\u00f3n. Al ser un consumible original HP, asegura compatibilidad, durabilidad y protecci\u00f3n contra defectos de impresi\u00f3n, adem\u00e1s de un costo por p\u00e1gina m\u00e1s bajo en comparaci\u00f3n con los cartuchos de rendimiento est\u00e1ndar.<\/p>\n<p><strong>\u26a0\ufe0f Este producto se maneja sobre pedido, escr\u00edbenos por Whatsapp para confirmar los tiempos de entrega<\/strong><\/p>\n<p><!--EndFragment --><\/p>\n","protected":false},"excerpt":{"rendered":"<p>Cartucho de t\u00f3ner HP 26X negro original, alto rendimiento de hasta 9,000 p\u00e1ginas, compatible con impresoras HP LaserJet Pro M402 y M426.<\/p>\n<p><strong>\u26a0\ufe0f Este producto se maneja sobre pedido, escr\u00edbenos por Whatsapp para confirmar los tiempos de entrega<\/strong><\/p>\n","protected":false},"featured_media":8083,"comment_status":"open","ping_status":"closed","template":"","meta":[],"product_brand":[],"product_cat":[1588,420,1655,424],"product_tag":[],"class_list":{"0":"post-8082","1":"product","2":"type-product","3":"status-publish","4":"has-post-thumbnail","6":"product_cat-cartuchos-hp","7":"product_cat-consumibles-impresoras","8":"product_cat-sobre-pedido","9":"product_cat-toner-original","11":"first","12":"instock","13":"sale","14":"shipping-taxable","15":"product-type-external"},"_links":{"self":[{"href":"https:\/\/tonerxperts.mx\/index.php\/wp-json\/wp\/v2\/product\/8082","targetHints":{"allow":["GET"]}}],"collection":[{"href":"https:\/\/tonerxperts.mx\/index.php\/wp-json\/wp\/v2\/product"}],"about":[{"href":"https:\/\/tonerxperts.mx\/index.php\/wp-json\/wp\/v2\/types\/product"}],"replies":[{"embeddable":true,"href":"https:\/\/tonerxperts.mx\/index.php\/wp-json\/wp\/v2\/comments?post=8082"}],"wp:featuredmedia":[{"embeddable":true,"href":"https:\/\/tonerxperts.mx\/index.php\/wp-json\/wp\/v2\/media\/8083"}],"wp:attachment":[{"href":"https:\/\/tonerxperts.mx\/index.php\/wp-json\/wp\/v2\/media?parent=8082"}],"wp:term":[{"taxonomy":"product_brand","embeddable":true,"href":"https:\/\/tonerxperts.mx\/index.php\/wp-json\/wp\/v2\/product_brand?post=8082"},{"taxonomy":"product_cat","embeddable":true,"href":"https:\/\/tonerxperts.mx\/index.php\/wp-json\/wp\/v2\/product_cat?post=8082"},{"taxonomy":"product_tag","embeddable":true,"href":"https:\/\/tonerxperts.mx\/index.php\/wp-json\/wp\/v2\/product_tag?post=8082"}],"curies":[{"name":"wp","href":"https:\/\/api.w.org\/{rel}","templated":true}]}}