{"id":8059,"date":"2026-02-17T15:14:38","date_gmt":"2026-02-17T21:14:38","guid":{"rendered":"https:\/\/tonerxperts.mx\/?post_type=product&#038;p=8059"},"modified":"2026-04-07T12:27:40","modified_gmt":"2026-04-07T18:27:40","slug":"toner-lexmark-56f4x00-negro-ms-mx-421-622-20000-pag","status":"publish","type":"product","link":"https:\/\/tonerxperts.mx\/index.php\/product\/toner-lexmark-56f4x00-negro-ms-mx-421-622-20000-pag\/","title":{"rendered":"T\u00f3ner Lexmark 56F4X00 Negro MS\/ MX 421-622 (20,000 p\u00e1g.)"},"content":{"rendered":"<p><!--StartFragment --><\/p>\n<p>El t\u00f3ner Lexmark 56F4X00 negro es un cartucho de alto rendimiento dise\u00f1ado para impresoras y multifuncionales Lexmark MS y MX series. Con capacidad de hasta 20,000 p\u00e1ginas est\u00e1ndar, ofrece textos n\u00edtidos y negros intensos, ideal para oficinas y negocios con alto volumen de impresi\u00f3n. Al ser un consumible original Lexmark, garantiza compatibilidad, durabilidad y protecci\u00f3n contra defectos de impresi\u00f3n.<\/p>\n<p><strong>\u26a0\ufe0f Nota importante: Este producto es sobre pedido. El tiempo de entrega depende de la disponibilidad con el distribuidor y puede variar seg\u00fan cada caso. Se recomienda consultar con su respectivo vendedor antes de realizar la compra para confirmar tiempos y existencias<\/strong><\/p>\n<p><!--EndFragment --><\/p>\n","protected":false},"excerpt":{"rendered":"<p>Cartucho de t\u00f3ner Lexmark 56F4X00 negro original, alto rendimiento de hasta 20,000 p\u00e1ginas, compatible con impresoras Lexmark MS421, MS521, MS622 y multifuncionales MX421, MX521, MX522, MX622.<\/p>\n<p><strong>\u26a0\ufe0f Nota importante: Este producto es sobre pedido. El tiempo de entrega depende de la disponibilidad con el distribuidor y puede variar seg\u00fan cada caso. Se recomienda consultar con su respectivo vendedor antes de realizar la compra para confirmar tiempos y existencias<\/strong><\/p>\n","protected":false},"featured_media":8060,"comment_status":"open","ping_status":"closed","template":"","meta":[],"product_brand":[],"product_cat":[420,1655,424],"product_tag":[],"class_list":{"0":"post-8059","1":"product","2":"type-product","3":"status-publish","4":"has-post-thumbnail","6":"product_cat-consumibles-impresoras","7":"product_cat-sobre-pedido","8":"product_cat-toner-original","10":"first","11":"instock","12":"shipping-taxable","13":"product-type-external"},"_links":{"self":[{"href":"https:\/\/tonerxperts.mx\/index.php\/wp-json\/wp\/v2\/product\/8059","targetHints":{"allow":["GET"]}}],"collection":[{"href":"https:\/\/tonerxperts.mx\/index.php\/wp-json\/wp\/v2\/product"}],"about":[{"href":"https:\/\/tonerxperts.mx\/index.php\/wp-json\/wp\/v2\/types\/product"}],"replies":[{"embeddable":true,"href":"https:\/\/tonerxperts.mx\/index.php\/wp-json\/wp\/v2\/comments?post=8059"}],"wp:featuredmedia":[{"embeddable":true,"href":"https:\/\/tonerxperts.mx\/index.php\/wp-json\/wp\/v2\/media\/8060"}],"wp:attachment":[{"href":"https:\/\/tonerxperts.mx\/index.php\/wp-json\/wp\/v2\/media?parent=8059"}],"wp:term":[{"taxonomy":"product_brand","embeddable":true,"href":"https:\/\/tonerxperts.mx\/index.php\/wp-json\/wp\/v2\/product_brand?post=8059"},{"taxonomy":"product_cat","embeddable":true,"href":"https:\/\/tonerxperts.mx\/index.php\/wp-json\/wp\/v2\/product_cat?post=8059"},{"taxonomy":"product_tag","embeddable":true,"href":"https:\/\/tonerxperts.mx\/index.php\/wp-json\/wp\/v2\/product_tag?post=8059"}],"curies":[{"name":"wp","href":"https:\/\/api.w.org\/{rel}","templated":true}]}}