{"id":5882,"date":"2024-10-10T12:25:37","date_gmt":"2024-10-10T18:25:37","guid":{"rendered":"https:\/\/tonerxperts.mx\/?post_type=product&#038;p=5882"},"modified":"2026-04-07T12:27:19","modified_gmt":"2026-04-07T18:27:19","slug":"cartucho-de-toner-asertek-cv-hp-cf502a","status":"publish","type":"product","link":"https:\/\/tonerxperts.mx\/index.php\/product\/cartucho-de-toner-asertek-cv-hp-cf502a\/","title":{"rendered":"Cartucho de Toner Asertek CV HP CF502A"},"content":{"rendered":"<p>El cartucho de T\u00f3ner Asertek es fabricado con la m\u00e1s alta calidad. Este no es un cartucho OEM (Original)\u00a0 y no fue fabricado por OEM (Original). Es una excelente opci\u00f3n y est\u00e1 garantizado para ofrecer resultados excelentes y confiables, p\u00e1gina tras p\u00e1gina. El uso de cartuchos de T\u00f3ner Asertek no anula la garant\u00eda de su impresora. Los cartuchos de t\u00f3ner Asertek est\u00e1n 100% garantizados.<\/p>\n","protected":false},"excerpt":{"rendered":"<p>Para usarse en impresoras: HP LaserJet Pro M254dw, M254nw, M280nw, M281fdw, M281fdn \/\/ Canon imageClass LBP622cdw \/ MF642cdw, MF644cdw<\/p>\n","protected":false},"featured_media":7419,"comment_status":"open","ping_status":"closed","template":"","meta":[],"product_brand":[],"product_cat":[1594,1588,420,1597,847],"product_tag":[],"class_list":{"0":"post-5882","1":"product","2":"type-product","3":"status-publish","4":"has-post-thumbnail","6":"product_cat-cartuchos-canon","7":"product_cat-cartuchos-hp","8":"product_cat-consumibles-impresoras","9":"product_cat-genericos","10":"product_cat-toner-asertek","12":"first","13":"instock","14":"shipping-taxable","15":"purchasable","16":"product-type-simple"},"_links":{"self":[{"href":"https:\/\/tonerxperts.mx\/index.php\/wp-json\/wp\/v2\/product\/5882","targetHints":{"allow":["GET"]}}],"collection":[{"href":"https:\/\/tonerxperts.mx\/index.php\/wp-json\/wp\/v2\/product"}],"about":[{"href":"https:\/\/tonerxperts.mx\/index.php\/wp-json\/wp\/v2\/types\/product"}],"replies":[{"embeddable":true,"href":"https:\/\/tonerxperts.mx\/index.php\/wp-json\/wp\/v2\/comments?post=5882"}],"wp:featuredmedia":[{"embeddable":true,"href":"https:\/\/tonerxperts.mx\/index.php\/wp-json\/wp\/v2\/media\/7419"}],"wp:attachment":[{"href":"https:\/\/tonerxperts.mx\/index.php\/wp-json\/wp\/v2\/media?parent=5882"}],"wp:term":[{"taxonomy":"product_brand","embeddable":true,"href":"https:\/\/tonerxperts.mx\/index.php\/wp-json\/wp\/v2\/product_brand?post=5882"},{"taxonomy":"product_cat","embeddable":true,"href":"https:\/\/tonerxperts.mx\/index.php\/wp-json\/wp\/v2\/product_cat?post=5882"},{"taxonomy":"product_tag","embeddable":true,"href":"https:\/\/tonerxperts.mx\/index.php\/wp-json\/wp\/v2\/product_tag?post=5882"}],"curies":[{"name":"wp","href":"https:\/\/api.w.org\/{rel}","templated":true}]}}